{"id":11,"date":"2019-06-06T11:04:21","date_gmt":"2019-06-06T09:04:21","guid":{"rendered":"http:\/\/lachevrea2becs.fr\/?page_id=11"},"modified":"2023-07-23T09:35:46","modified_gmt":"2023-07-23T07:35:46","slug":"cote-cave","status":"publish","type":"page","link":"https:\/\/lachevrea2becs.fr\/index.php\/cote-cave\/","title":{"rendered":"C\u00f4t\u00e9 cave"},"content":{"rendered":"\n<h2 class=\"wp-block-heading\">Des vins de terroirs<\/h2>\n\n\n\n<p>La s\u00e9lection des vins est bas\u00e9e sur la mise en valeur des terroirs, le respect de l&rsquo;environnement, la ma\u00eetrise du vigneron de sa cha\u00eene compl\u00e8te de production (de la terre \u00e0 la bouteille). La recherche de vins identitaires! Vous trouverez des vins du sud ouest mais aussi de la France enti\u00e8re! <\/p>\n\n\n\n<h2 class=\"wp-block-heading\">Des bi\u00e8res artisanales<\/h2>\n\n\n\n<p>Une s\u00e9lection de bi\u00e8res de petits brasseurs qui recherchent \u00e9galement la pr\u00e9cision dans leurs produits. De la mati\u00e8re premi\u00e8re de qualit\u00e9, des productions ma\u00eetris\u00e9es et une vari\u00e9t\u00e9 assez large pour combler tous les gosiers! Des brasseurs locaux essentiellement! (La Muretaine, Co-Hop, Brasserie Miracle, Aviateur, Brasserie du Levant, les Acolytes, Brasserie La Roque, etc&#8230;)<\/p>\n\n\n\n<h2 class=\"wp-block-heading\">Des spiritueux d&rsquo;ici et d&rsquo;ailleurs<\/h2>\n\n\n\n<p>Le domaine des spiritueux est un peu sp\u00e9cial. En effet, le connaisseur est toujours en attente de d\u00e9couvertes. L&rsquo;objectif sera donc de proposer des produits peu communs tout en gardant \u00e0 l&rsquo;esprit : la qualit\u00e9 avant tout. Vous trouverez donc une s\u00e9lection de Whiskys (\u00c9cossais, Irlandais, Fran\u00e7ais, Japonais, etc&#8230;), de Rhums, de Gins, d&rsquo;eaux de vie, de liqueurs, d&rsquo;Armagnacs, de Cognacs, de Chartreuses, etc&#8230; <\/p>\n\n\n\n<p><\/p>\n","protected":false},"excerpt":{"rendered":"<p>Des vins de terroirs La s\u00e9lection des vins est bas\u00e9e sur la mise en valeur des terroirs, le respect de l&rsquo;environnement, la ma\u00eetrise du vigneron de sa cha\u00eene compl\u00e8te de production (de la terre \u00e0 la bouteille). La recherche de vins identitaires! Vous trouverez&#8230;<\/p>\n","protected":false},"author":1,"featured_media":0,"parent":0,"menu_order":0,"comment_status":"closed","ping_status":"closed","template":"","meta":{"footnotes":""},"class_list":["post-11","page","type-page","status-publish","hentry"],"_links":{"self":[{"href":"https:\/\/lachevrea2becs.fr\/index.php\/wp-json\/wp\/v2\/pages\/11","targetHints":{"allow":["GET"]}}],"collection":[{"href":"https:\/\/lachevrea2becs.fr\/index.php\/wp-json\/wp\/v2\/pages"}],"about":[{"href":"https:\/\/lachevrea2becs.fr\/index.php\/wp-json\/wp\/v2\/types\/page"}],"author":[{"embeddable":true,"href":"https:\/\/lachevrea2becs.fr\/index.php\/wp-json\/wp\/v2\/users\/1"}],"replies":[{"embeddable":true,"href":"https:\/\/lachevrea2becs.fr\/index.php\/wp-json\/wp\/v2\/comments?post=11"}],"version-history":[{"count":8,"href":"https:\/\/lachevrea2becs.fr\/index.php\/wp-json\/wp\/v2\/pages\/11\/revisions"}],"predecessor-version":[{"id":350,"href":"https:\/\/lachevrea2becs.fr\/index.php\/wp-json\/wp\/v2\/pages\/11\/revisions\/350"}],"wp:attachment":[{"href":"https:\/\/lachevrea2becs.fr\/index.php\/wp-json\/wp\/v2\/media?parent=11"}],"curies":[{"name":"wp","href":"https:\/\/api.w.org\/{rel}","templated":true}]}}