{"id":243,"date":"2022-06-08T16:57:44","date_gmt":"2022-06-08T14:57:44","guid":{"rendered":"https:\/\/lachevrea2becs.fr\/?page_id=243"},"modified":"2022-06-08T16:57:44","modified_gmt":"2022-06-08T14:57:44","slug":"mentions-legales","status":"publish","type":"page","link":"https:\/\/lachevrea2becs.fr\/index.php\/mentions-legales\/","title":{"rendered":"Mentions L\u00e9gales"},"content":{"rendered":"\n<p><strong>Identit\u00e9 :<\/strong><\/p>\n\n\n\n<ul class=\"wp-block-list\"><li>EURL LE TERROIRISTE au capital de 10 000\u20ac <\/li><li>RCS Toulouse : 850 876 236 00017<\/li><li>N\u00b0 TVA : FR 00 850 876 236<\/li><li>Si\u00e8ge social : 62 chemin de Basso Cambo &#8211; 31100 TOULOUSE<\/li><li>Responsable \u00e0 contacter : Rapha\u00ebl BERTOLINO<\/li><li>T\u00e9l\u00e9phone : 09.83.25.49.89<\/li><li>Email : contact@lachevrea2becs.fr<\/li><\/ul>\n\n\n\n<p><strong>H\u00e9bergeur :<\/strong><\/p>\n\n\n\n<h2 class=\"wp-block-heading\">OVH<\/h2>\n\n\n\n<p>SAS au capital de 10 174 560 \u20ac<\/p>\n\n\n\n<p>RCS Lille M\u00e9tropole 424 761 419 00045<br>Code APE 2620Z<br>N\u00b0 TVA : FR 22 424 761 419<br>Si\u00e8ge social : 2 rue Kellermann &#8211; 59100 Roubaix &#8211; France<\/p>\n\n\n\n<p>Pr\u00e9sident : Michel Paulin<\/p>\n\n\n\n<p>OVH SAS est une filiale de la soci\u00e9t\u00e9 OVH Groupe SA, soci\u00e9t\u00e9 immatricul\u00e9e au RCS de Lille sous le num\u00e9ro 537 407 926 sise 2, rue Kellermann, 59100 Roubaix.<\/p>\n\n\n\n<p><strong>Conditions d\u2019utilisation :<\/strong><\/p>\n\n\n\n<p>Ce site (<a href=\"https:\/\/lachevrea2becs.fr\">https:\/\/lachevrea2becs.fr<\/a>) est propos\u00e9 en diff\u00e9rents langages web (HTML, HTML5, Javascript, CSS, etc\u2026) pour un meilleur confort d\u2019utilisation et un graphisme plus agr\u00e9able.<\/p>\n\n\n\n<p>Nous vous recommandons de recourir \u00e0 des navigateurs modernes comme Internet explorer, Safari, Firefox, Google Chrome, etc\u2026<\/p>\n\n\n\n<p><strong>Propri\u00e9t\u00e9 intellectuelle : <\/strong><\/p>\n\n\n\n<p>Tout le contenu du pr\u00e9sent site&nbsp;<a href=\"https:\/\/lachevrea2becs.fr\">https:\/\/lachevrea2becs.fr<\/a>, incluant, de fa\u00e7on non limitative, les graphismes, images, textes, vid\u00e9os, animations, sons, logos, gifs et ic\u00f4nes ainsi que leur mise en forme sont la propri\u00e9t\u00e9 exclusive de la soci\u00e9t\u00e9 \u00e0 l\u2019exception des marques, logos ou contenus appartenant \u00e0 d\u2019autres soci\u00e9t\u00e9s partenaires ou auteurs.<\/p>\n\n\n\n<p>Toute reproduction, distribution, modification, adaptation, retransmission ou publication, m\u00eame partielle, de ces diff\u00e9rents \u00e9l\u00e9ments est strictement interdite sans l\u2019accord expr\u00e8s par \u00e9crit de EURL LE TERROIRISTE. Cette repr\u00e9sentation ou reproduction, par quelque proc\u00e9d\u00e9 que ce soit, constitue une contrefa\u00e7on sanctionn\u00e9e par les articles L.335-2 et suivants du Code de la propri\u00e9t\u00e9 intellectuelle. Le non-respect de cette interdiction constitue une contrefa\u00e7on pouvant engager la responsabilit\u00e9 civile et p\u00e9nale du contrefacteur. En outre, les propri\u00e9taires des Contenus copi\u00e9s pourraient intenter une action en justice \u00e0 votre encontre.<\/p>\n\n\n\n<p><strong>Limitation contractuelles sur les donn\u00e9es :<\/strong><\/p>\n\n\n\n<p>Les informations contenues sur ce site sont aussi pr\u00e9cises que possible et le site remis \u00e0 jour \u00e0 diff\u00e9rentes p\u00e9riodes de l\u2019ann\u00e9e, mais peut toutefois contenir des inexactitudes ou des omissions.<\/p>\n\n\n\n<p>Si vous constatez une lacune, erreur ou ce qui parait \u00eatre un dysfonctionnement, merci de bien vouloir le signaler par courriel, \u00e0 l\u2019adresse&nbsp;contact@lachevrea2becs.fr, en d\u00e9crivant le probl\u00e8me de la mani\u00e8re la plus pr\u00e9cise possible (page posant probl\u00e8me, type d\u2019ordinateur et de navigateur utilis\u00e9, \u2026).<\/p>\n\n\n\n<p>Tout contenu t\u00e9l\u00e9charg\u00e9 se fait aux risques et p\u00e9rils de l\u2019utilisateur et sous sa seule responsabilit\u00e9. En cons\u00e9quence, ne saurait \u00eatre tenu responsable d\u2019un quelconque dommage subi par l\u2019ordinateur de l\u2019utilisateur ou d\u2019une quelconque perte de donn\u00e9es cons\u00e9cutives au t\u00e9l\u00e9chargement.<\/p>\n\n\n\n<p>De plus, l\u2019utilisateur du site s\u2019engage \u00e0 acc\u00e9der au site en utilisant un mat\u00e9riel r\u00e9cent, ne contenant pas de virus et avec un navigateur de derni\u00e8re g\u00e9n\u00e9ration mis-\u00e0-jour.<\/p>\n\n\n\n<p>Les liens hypertextes mis en place dans le cadre du pr\u00e9sent site internet en direction d\u2019autres ressources pr\u00e9sentes sur le r\u00e9seau Internet ne sauraient engager la responsabilit\u00e9 de EURL LE TERROIRISTE.<\/p>\n\n\n\n<p><strong>Services fournis :<\/strong><\/p>\n\n\n\n<p>L\u2019ensemble des activit\u00e9s de la soci\u00e9t\u00e9 ainsi que ses informations sont pr\u00e9sent\u00e9s sur notre site <a href=\"https:\/\/lachevrea2becs.fr\">https:\/\/lachevrea2becs.fr<\/a>.<\/p>\n\n\n\n<p>EURL LE TERROIRISTE s\u2019efforce de fournir sur le site <a href=\"https:\/\/lachevrea2becs.fr\">https:\/\/lachevrea2becs.fr<\/a> des informations aussi pr\u00e9cises que possible. Les renseignements figurant sur le site <a href=\"https:\/\/lachevrea2becs.fr\">https:\/\/lachevrea2becs.fr<\/a> ne sont pas exhaustifs et les photos non contractuelles.<\/p>\n\n\n\n<p>Ils sont donn\u00e9s sous r\u00e9serve de modifications ayant \u00e9t\u00e9 apport\u00e9es depuis leur mise en ligne. Par ailleurs, tous les informations indiqu\u00e9es sur le site <a href=\"https:\/\/lachevrea2becs.fr\">https:\/\/lachevrea2becs.fr<\/a> sont donn\u00e9es \u00e0 titre indicatif, et sont susceptibles de changer ou d\u2019\u00e9voluer sans pr\u00e9avis.<\/p>\n","protected":false},"excerpt":{"rendered":"<p>Identit\u00e9 : EURL LE TERROIRISTE au capital de 10 000\u20ac RCS Toulouse : 850 876 236 00017 N\u00b0 TVA : FR 00 850 876 236 Si\u00e8ge social : 62 chemin de Basso Cambo &#8211; 31100 TOULOUSE Responsable \u00e0 contacter : Rapha\u00ebl BERTOLINO T\u00e9l\u00e9phone :&#8230;<\/p>\n","protected":false},"author":1,"featured_media":0,"parent":0,"menu_order":0,"comment_status":"closed","ping_status":"closed","template":"","meta":{"footnotes":""},"class_list":["post-243","page","type-page","status-publish","hentry"],"_links":{"self":[{"href":"https:\/\/lachevrea2becs.fr\/index.php\/wp-json\/wp\/v2\/pages\/243","targetHints":{"allow":["GET"]}}],"collection":[{"href":"https:\/\/lachevrea2becs.fr\/index.php\/wp-json\/wp\/v2\/pages"}],"about":[{"href":"https:\/\/lachevrea2becs.fr\/index.php\/wp-json\/wp\/v2\/types\/page"}],"author":[{"embeddable":true,"href":"https:\/\/lachevrea2becs.fr\/index.php\/wp-json\/wp\/v2\/users\/1"}],"replies":[{"embeddable":true,"href":"https:\/\/lachevrea2becs.fr\/index.php\/wp-json\/wp\/v2\/comments?post=243"}],"version-history":[{"count":6,"href":"https:\/\/lachevrea2becs.fr\/index.php\/wp-json\/wp\/v2\/pages\/243\/revisions"}],"predecessor-version":[{"id":250,"href":"https:\/\/lachevrea2becs.fr\/index.php\/wp-json\/wp\/v2\/pages\/243\/revisions\/250"}],"wp:attachment":[{"href":"https:\/\/lachevrea2becs.fr\/index.php\/wp-json\/wp\/v2\/media?parent=243"}],"curies":[{"name":"wp","href":"https:\/\/api.w.org\/{rel}","templated":true}]}}